{"id":5827,"date":"2022-02-10T21:49:38","date_gmt":"2022-02-10T20:49:38","guid":{"rendered":"https:\/\/www.agencesand.fr\/dev-kirao\/manifesto\/"},"modified":"2023-03-08T09:52:41","modified_gmt":"2023-03-08T08:52:41","slug":"manifesto","status":"publish","type":"page","link":"https:\/\/kirao.fr\/en\/manifesto\/","title":{"rendered":"Manifesto"},"content":{"rendered":"\t\t<div data-elementor-type=\"wp-page\" data-elementor-id=\"5827\" class=\"elementor elementor-5827 elementor-181\" data-elementor-post-type=\"page\">\n\t\t\t\t\t\t\t\t\t<section class=\"elementor-section elementor-top-section elementor-element elementor-element-a6e3e67 elementor-section-height-min-height elementor-section-stretched elementor-section-content-bottom elementor-section-boxed elementor-section-height-default elementor-section-items-middle\" data-id=\"a6e3e67\" data-element_type=\"section\" data-settings=\"{&quot;background_background&quot;:&quot;classic&quot;,&quot;stretch_section&quot;:&quot;section-stretched&quot;}\">\n\t\t\t\t\t\t<div class=\"elementor-container elementor-column-gap-default\">\n\t\t\t\t\t<div class=\"elementor-column elementor-col-100 elementor-top-column elementor-element elementor-element-167f348\" data-id=\"167f348\" data-element_type=\"column\">\n\t\t\t<div class=\"elementor-widget-wrap elementor-element-populated\">\n\t\t\t\t\t\t\t\t<div class=\"elementor-element elementor-element-8559c6b elementor-invisible elementor-widget elementor-widget-text-editor\" data-id=\"8559c6b\" data-element_type=\"widget\" data-settings=\"{&quot;_animation&quot;:&quot;fadeIn&quot;}\" data-widget_type=\"text-editor.default\">\n\t\t\t\t<div class=\"elementor-widget-container\">\n\t\t\t\t\t\t\t\t\t\t\t\t\t<\/div>\n\t\t\t\t<\/div>\n\t\t\t\t<div class=\"elementor-element elementor-element-1260418 elementor-fixed elementor-hidden-desktop elementor-hidden-tablet elementor-hidden-mobile elementor-invisible elementor-widget elementor-widget-image\" data-id=\"1260418\" data-element_type=\"widget\" data-settings=\"{&quot;_position&quot;:&quot;fixed&quot;,&quot;sticky&quot;:&quot;bottom&quot;,&quot;_animation&quot;:&quot;fadeInRight&quot;,&quot;sticky_on&quot;:[&quot;desktop&quot;,&quot;tablet&quot;,&quot;mobile&quot;],&quot;sticky_offset&quot;:0,&quot;sticky_effects_offset&quot;:0}\" data-widget_type=\"image.default\">\n\t\t\t\t<div class=\"elementor-widget-container\">\n\t\t\t\t\t\t\t\t\t\t\t\t\t\t\t\t<a href=\"https:\/\/kirao.fr\/wp-content\/uploads\/2022\/02\/Casque.png\" data-elementor-open-lightbox=\"no\">\n\t\t\t\t\t\t\t<img decoding=\"async\" width=\"82\" height=\"82\" src=\"https:\/\/kirao.fr\/wp-content\/uploads\/2022\/02\/Casque.png\" class=\"attachment-large size-large wp-image-297\" alt=\"\" \/>\t\t\t\t\t\t\t\t<\/a>\n\t\t\t\t\t\t\t\t\t\t\t\t\t\t\t<\/div>\n\t\t\t\t<\/div>\n\t\t\t\t<section class=\"elementor-section elementor-inner-section elementor-element elementor-element-e8f0c6d elementor-section-full_width elementor-section-height-default elementor-section-height-default\" data-id=\"e8f0c6d\" data-element_type=\"section\">\n\t\t\t\t\t\t<div class=\"elementor-container elementor-column-gap-default\">\n\t\t\t\t\t<div class=\"elementor-column elementor-col-100 elementor-inner-column elementor-element elementor-element-97fed92\" data-id=\"97fed92\" data-element_type=\"column\">\n\t\t\t<div class=\"elementor-widget-wrap elementor-element-populated\">\n\t\t\t\t\t\t\t\t<div class=\"elementor-element elementor-element-7ebc3e0 elementor-widget elementor-widget-spacer\" data-id=\"7ebc3e0\" data-element_type=\"widget\" data-widget_type=\"spacer.default\">\n\t\t\t\t<div class=\"elementor-widget-container\">\n\t\t\t\t\t<div class=\"elementor-spacer\">\n\t\t\t<div class=\"elementor-spacer-inner\"><\/div>\n\t\t<\/div>\n\t\t\t\t<\/div>\n\t\t\t\t<\/div>\n\t\t\t\t<div class=\"elementor-element elementor-element-01d607d elementor-widget elementor-widget-text-editor\" data-id=\"01d607d\" data-element_type=\"widget\" data-widget_type=\"text-editor.default\">\n\t\t\t\t<div class=\"elementor-widget-container\">\n\t\t\t\t\t\t\t<p>Kirao, regarder de pr\u00e8s, voir loin.<\/p>\n<p>En bourse, tout le monde ne regarde pas au m\u00eame endroit et encore moins du m\u00eame endroit.<\/p>\n<p>Une performance de long terme n\u00e9cessite de voir mieux et plus, pour agir dans un espace que nous ma\u00eetrisons, qui n\u2019est alors plus uniquement celui du march\u00e9 mais multidimensionnel, parfois plus large, parfois plus resserr\u00e9.<\/p>\n\t\t\t\t\t\t<\/div>\n\t\t\t\t<\/div>\n\t\t\t\t\t<\/div>\n\t\t<\/div>\n\t\t\t\t\t\t\t<\/div>\n\t\t<\/section>\n\t\t\t\t\t<\/div>\n\t\t<\/div>\n\t\t\t\t\t\t\t<\/div>\n\t\t<\/section>\n\t\t\t\t<section class=\"elementor-section elementor-top-section elementor-element elementor-element-27c0dc6 elementor-section-height-min-height elementor-section-stretched elementor-section-content-middle elementor-section-boxed elementor-section-height-default elementor-section-items-middle\" data-id=\"27c0dc6\" data-element_type=\"section\" data-settings=\"{&quot;background_background&quot;:&quot;classic&quot;,&quot;stretch_section&quot;:&quot;section-stretched&quot;}\">\n\t\t\t\t\t\t<div class=\"elementor-container elementor-column-gap-default\">\n\t\t\t\t\t<div class=\"elementor-column elementor-col-100 elementor-top-column elementor-element elementor-element-965226e\" data-id=\"965226e\" data-element_type=\"column\">\n\t\t\t<div class=\"elementor-widget-wrap\">\n\t\t\t\t\t\t\t\t\t<\/div>\n\t\t<\/div>\n\t\t\t\t\t\t\t<\/div>\n\t\t<\/section>\n\t\t\t\t<section class=\"elementor-section elementor-top-section elementor-element elementor-element-fbc4ca1 elementor-section-height-min-height elementor-section-stretched elementor-section-content-bottom elementor-section-boxed elementor-section-height-default elementor-section-items-middle\" data-id=\"fbc4ca1\" data-element_type=\"section\" data-settings=\"{&quot;background_background&quot;:&quot;classic&quot;,&quot;stretch_section&quot;:&quot;section-stretched&quot;}\">\n\t\t\t\t\t\t<div class=\"elementor-container elementor-column-gap-default\">\n\t\t\t\t\t<div class=\"elementor-column elementor-col-100 elementor-top-column elementor-element elementor-element-17a4f1b\" data-id=\"17a4f1b\" data-element_type=\"column\">\n\t\t\t<div class=\"elementor-widget-wrap elementor-element-populated\">\n\t\t\t\t\t\t\t\t<section class=\"elementor-section elementor-inner-section elementor-element elementor-element-72fa9ca elementor-section-boxed elementor-section-height-default elementor-section-height-default\" data-id=\"72fa9ca\" data-element_type=\"section\">\n\t\t\t\t\t\t<div class=\"elementor-container elementor-column-gap-default\">\n\t\t\t\t\t<div class=\"elementor-column elementor-col-100 elementor-inner-column elementor-element elementor-element-3e83a06\" data-id=\"3e83a06\" data-element_type=\"column\">\n\t\t\t<div class=\"elementor-widget-wrap elementor-element-populated\">\n\t\t\t\t\t\t\t\t<div class=\"elementor-element elementor-element-6d22604 elementor-widget elementor-widget-spacer\" data-id=\"6d22604\" data-element_type=\"widget\" data-widget_type=\"spacer.default\">\n\t\t\t\t<div class=\"elementor-widget-container\">\n\t\t\t\t\t<div class=\"elementor-spacer\">\n\t\t\t<div class=\"elementor-spacer-inner\"><\/div>\n\t\t<\/div>\n\t\t\t\t<\/div>\n\t\t\t\t<\/div>\n\t\t\t\t<div class=\"elementor-element elementor-element-cca2313 elementor-widget elementor-widget-text-editor\" data-id=\"cca2313\" data-element_type=\"widget\" data-widget_type=\"text-editor.default\">\n\t\t\t\t<div class=\"elementor-widget-container\">\n\t\t\t\t\t\t\t<p>This clairvoyance cannot be decreed and has nothing magical about it. It finds its source in a deep and precise knowledge, privileging quality over quantity and aiming at not confusing opinion with truth.<\/p>\n<p>This sometimes tedious analytical process, always nourished by our ability to see further, is our main raw material, because it alone is capable of reducing our degree of uncertainty, of offering a real freedom of action allowing us to travel through different dimensions. It cannot be delegated.<\/p>\t\t\t\t\t\t<\/div>\n\t\t\t\t<\/div>\n\t\t\t\t\t<\/div>\n\t\t<\/div>\n\t\t\t\t\t\t\t<\/div>\n\t\t<\/section>\n\t\t\t\t<div class=\"elementor-element elementor-element-da422f4 elementor-widget elementor-widget-spacer\" data-id=\"da422f4\" data-element_type=\"widget\" data-widget_type=\"spacer.default\">\n\t\t\t\t<div class=\"elementor-widget-container\">\n\t\t\t\t\t<div class=\"elementor-spacer\">\n\t\t\t<div class=\"elementor-spacer-inner\"><\/div>\n\t\t<\/div>\n\t\t\t\t<\/div>\n\t\t\t\t<\/div>\n\t\t\t\t\t<\/div>\n\t\t<\/div>\n\t\t\t\t\t\t\t<\/div>\n\t\t<\/section>\n\t\t\t\t<section class=\"elementor-section elementor-top-section elementor-element elementor-element-d6510b3 elementor-section-height-min-height elementor-section-stretched elementor-section-items-bottom elementor-section-content-bottom elementor-section-boxed elementor-section-height-default\" data-id=\"d6510b3\" data-element_type=\"section\" data-settings=\"{&quot;background_background&quot;:&quot;classic&quot;,&quot;stretch_section&quot;:&quot;section-stretched&quot;}\">\n\t\t\t\t\t\t<div class=\"elementor-container elementor-column-gap-default\">\n\t\t\t\t\t<div class=\"elementor-column elementor-col-100 elementor-top-column elementor-element elementor-element-25e36dd\" data-id=\"25e36dd\" data-element_type=\"column\">\n\t\t\t<div class=\"elementor-widget-wrap\">\n\t\t\t\t\t\t\t\t\t<\/div>\n\t\t<\/div>\n\t\t\t\t\t\t\t<\/div>\n\t\t<\/section>\n\t\t\t\t<section class=\"elementor-section elementor-top-section elementor-element elementor-element-de42543 elementor-section-height-min-height elementor-section-stretched elementor-section-content-bottom elementor-section-boxed elementor-section-height-default elementor-section-items-middle\" data-id=\"de42543\" data-element_type=\"section\" data-settings=\"{&quot;background_background&quot;:&quot;classic&quot;,&quot;stretch_section&quot;:&quot;section-stretched&quot;}\">\n\t\t\t\t\t\t<div class=\"elementor-container elementor-column-gap-default\">\n\t\t\t\t\t<div class=\"elementor-column elementor-col-100 elementor-top-column elementor-element elementor-element-6ae02ca\" data-id=\"6ae02ca\" data-element_type=\"column\">\n\t\t\t<div class=\"elementor-widget-wrap elementor-element-populated\">\n\t\t\t\t\t\t\t\t<section class=\"elementor-section elementor-inner-section elementor-element elementor-element-f2beae8 elementor-section-boxed elementor-section-height-default elementor-section-height-default\" data-id=\"f2beae8\" data-element_type=\"section\">\n\t\t\t\t\t\t<div class=\"elementor-container elementor-column-gap-default\">\n\t\t\t\t\t<div class=\"elementor-column elementor-col-100 elementor-inner-column elementor-element elementor-element-464badb\" data-id=\"464badb\" data-element_type=\"column\">\n\t\t\t<div class=\"elementor-widget-wrap elementor-element-populated\">\n\t\t\t\t\t\t\t\t<div class=\"elementor-element elementor-element-4f5215f elementor-widget elementor-widget-spacer\" data-id=\"4f5215f\" data-element_type=\"widget\" data-widget_type=\"spacer.default\">\n\t\t\t\t<div class=\"elementor-widget-container\">\n\t\t\t\t\t<div class=\"elementor-spacer\">\n\t\t\t<div class=\"elementor-spacer-inner\"><\/div>\n\t\t<\/div>\n\t\t\t\t<\/div>\n\t\t\t\t<\/div>\n\t\t\t\t<div class=\"elementor-element elementor-element-2336a45 elementor-widget elementor-widget-text-editor\" data-id=\"2336a45\" data-element_type=\"widget\" data-widget_type=\"text-editor.default\">\n\t\t\t\t<div class=\"elementor-widget-container\">\n\t\t\t\t\t\t\t<p>As independents, we allow ourselves the time and privilege to think for ourselves in order to avoid fads. This is not the time of the market, whose frenzy we refuse to accept.<\/p>\n<p>Seeing far ahead can only rhyme with sustainability and responsibility because we manage as we are, in the economy of the gesture and the concern of the long term.<\/p>\n<p>To look closely in order to see far, to see far in order to better look closely, this is the meaning we want to give to Kirao.<\/p>\n\t\t\t\t\t\t<\/div>\n\t\t\t\t<\/div>\n\t\t\t\t\t<\/div>\n\t\t<\/div>\n\t\t\t\t\t\t\t<\/div>\n\t\t<\/section>\n\t\t\t\t<div class=\"elementor-element elementor-element-9cb72cf elementor-widget elementor-widget-spacer\" data-id=\"9cb72cf\" data-element_type=\"widget\" data-widget_type=\"spacer.default\">\n\t\t\t\t<div class=\"elementor-widget-container\">\n\t\t\t\t\t<div class=\"elementor-spacer\">\n\t\t\t<div class=\"elementor-spacer-inner\"><\/div>\n\t\t<\/div>\n\t\t\t\t<\/div>\n\t\t\t\t<\/div>\n\t\t\t\t\t<\/div>\n\t\t<\/div>\n\t\t\t\t\t\t\t<\/div>\n\t\t<\/section>\n\t\t\t\t\t\t\t<\/div>\n\t\t","protected":false},"excerpt":{"rendered":"<p>Kirao, regarder de pr\u00e8s, voir loin. En bourse, tout le monde ne regarde pas au m\u00eame endroit et encore moins du m\u00eame endroit. Une performance de long terme n\u00e9cessite de voir mieux et plus, pour agir dans un espace que nous ma\u00eetrisons, qui n\u2019est alors plus uniquement celui du march\u00e9 mais multidimensionnel, parfois plus large,&hellip;<\/p>\n","protected":false},"author":1,"featured_media":0,"parent":0,"menu_order":0,"comment_status":"closed","ping_status":"closed","template":"","meta":{"footnotes":""},"class_list":["post-5827","page","type-page","status-publish","hentry"],"acf":[],"yoast_head":"<!-- This site is optimized with the Yoast SEO plugin v21.9 - https:\/\/yoast.com\/wordpress\/plugins\/seo\/ -->\n<title>Manifesto | Kirao AM<\/title>\n<meta name=\"robots\" content=\"index, follow, max-snippet:-1, max-image-preview:large, max-video-preview:-1\" \/>\n<link rel=\"canonical\" href=\"https:\/\/kirao.fr\/manifeste\/\" \/>\n<meta property=\"og:locale\" content=\"en_US\" \/>\n<meta property=\"og:type\" content=\"article\" \/>\n<meta property=\"og:title\" content=\"Manifesto | Kirao AM\" \/>\n<meta property=\"og:description\" content=\"Kirao, regarder de pr\u00e8s, voir loin. En bourse, tout le monde ne regarde pas au m\u00eame endroit et encore moins du m\u00eame endroit. Une performance de long terme n\u00e9cessite de voir mieux et plus, pour agir dans un espace que nous ma\u00eetrisons, qui n\u2019est alors plus uniquement celui du march\u00e9 mais multidimensionnel, parfois plus large,&hellip;\" \/>\n<meta property=\"og:url\" content=\"https:\/\/kirao.fr\/manifeste\/\" \/>\n<meta property=\"og:site_name\" content=\"Kirao AM\" \/>\n<meta property=\"article:modified_time\" content=\"2023-03-08T08:52:41+00:00\" \/>\n<meta property=\"og:image\" content=\"https:\/\/kirao.fr\/wp-content\/uploads\/2022\/02\/Casque.png\" \/>\n<meta name=\"twitter:card\" content=\"summary_large_image\" \/>\n<meta name=\"twitter:label1\" content=\"Est. reading time\" \/>\n\t<meta name=\"twitter:data1\" content=\"1 minute\" \/>\n<script type=\"application\/ld+json\" class=\"yoast-schema-graph\">{\"@context\":\"https:\/\/schema.org\",\"@graph\":[{\"@type\":\"WebPage\",\"@id\":\"https:\/\/kirao.fr\/manifeste\/\",\"url\":\"https:\/\/kirao.fr\/manifeste\/\",\"name\":\"Manifesto | Kirao AM\",\"isPartOf\":{\"@id\":\"https:\/\/kirao.fr\/#website\"},\"datePublished\":\"2022-02-10T20:49:38+00:00\",\"dateModified\":\"2023-03-08T08:52:41+00:00\",\"breadcrumb\":{\"@id\":\"https:\/\/kirao.fr\/manifeste\/#breadcrumb\"},\"inLanguage\":\"en-US\",\"potentialAction\":[{\"@type\":\"ReadAction\",\"target\":[\"https:\/\/kirao.fr\/manifeste\/\"]}]},{\"@type\":\"BreadcrumbList\",\"@id\":\"https:\/\/kirao.fr\/manifeste\/#breadcrumb\",\"itemListElement\":[{\"@type\":\"ListItem\",\"position\":1,\"name\":\"Accueil\",\"item\":\"https:\/\/kirao.fr\/en\/\"},{\"@type\":\"ListItem\",\"position\":2,\"name\":\"Manifesto\"}]},{\"@type\":\"WebSite\",\"@id\":\"https:\/\/kirao.fr\/#website\",\"url\":\"https:\/\/kirao.fr\/\",\"name\":\"Kirao AM\",\"description\":\"Regarder de pr\u00e8s, voir loin.\",\"publisher\":{\"@id\":\"https:\/\/kirao.fr\/#organization\"},\"potentialAction\":[{\"@type\":\"SearchAction\",\"target\":{\"@type\":\"EntryPoint\",\"urlTemplate\":\"https:\/\/kirao.fr\/?s={search_term_string}\"},\"query-input\":\"required name=search_term_string\"}],\"inLanguage\":\"en-US\"},{\"@type\":\"Organization\",\"@id\":\"https:\/\/kirao.fr\/#organization\",\"name\":\"Kirao AM\",\"url\":\"https:\/\/kirao.fr\/\",\"logo\":{\"@type\":\"ImageObject\",\"inLanguage\":\"en-US\",\"@id\":\"https:\/\/kirao.fr\/#\/schema\/logo\/image\/\",\"url\":\"https:\/\/kirao.fr\/wp-content\/uploads\/2022\/01\/logo-kirao-e1665944897961.png\",\"contentUrl\":\"https:\/\/kirao.fr\/wp-content\/uploads\/2022\/01\/logo-kirao-e1665944897961.png\",\"width\":300,\"height\":124,\"caption\":\"Kirao AM\"},\"image\":{\"@id\":\"https:\/\/kirao.fr\/#\/schema\/logo\/image\/\"},\"sameAs\":[\"https:\/\/www.linkedin.com\/company\/kirao-am\/\"]}]}<\/script>\n<!-- \/ Yoast SEO plugin. -->","yoast_head_json":{"title":"Manifesto | Kirao AM","robots":{"index":"index","follow":"follow","max-snippet":"max-snippet:-1","max-image-preview":"max-image-preview:large","max-video-preview":"max-video-preview:-1"},"canonical":"https:\/\/kirao.fr\/manifeste\/","og_locale":"en_US","og_type":"article","og_title":"Manifesto | Kirao AM","og_description":"Kirao, regarder de pr\u00e8s, voir loin. En bourse, tout le monde ne regarde pas au m\u00eame endroit et encore moins du m\u00eame endroit. Une performance de long terme n\u00e9cessite de voir mieux et plus, pour agir dans un espace que nous ma\u00eetrisons, qui n\u2019est alors plus uniquement celui du march\u00e9 mais multidimensionnel, parfois plus large,&hellip;","og_url":"https:\/\/kirao.fr\/manifeste\/","og_site_name":"Kirao AM","article_modified_time":"2023-03-08T08:52:41+00:00","og_image":[{"url":"https:\/\/kirao.fr\/wp-content\/uploads\/2022\/02\/Casque.png"}],"twitter_card":"summary_large_image","twitter_misc":{"Est. reading time":"1 minute"},"schema":{"@context":"https:\/\/schema.org","@graph":[{"@type":"WebPage","@id":"https:\/\/kirao.fr\/manifeste\/","url":"https:\/\/kirao.fr\/manifeste\/","name":"Manifesto | Kirao AM","isPartOf":{"@id":"https:\/\/kirao.fr\/#website"},"datePublished":"2022-02-10T20:49:38+00:00","dateModified":"2023-03-08T08:52:41+00:00","breadcrumb":{"@id":"https:\/\/kirao.fr\/manifeste\/#breadcrumb"},"inLanguage":"en-US","potentialAction":[{"@type":"ReadAction","target":["https:\/\/kirao.fr\/manifeste\/"]}]},{"@type":"BreadcrumbList","@id":"https:\/\/kirao.fr\/manifeste\/#breadcrumb","itemListElement":[{"@type":"ListItem","position":1,"name":"Accueil","item":"https:\/\/kirao.fr\/en\/"},{"@type":"ListItem","position":2,"name":"Manifesto"}]},{"@type":"WebSite","@id":"https:\/\/kirao.fr\/#website","url":"https:\/\/kirao.fr\/","name":"Kirao AM","description":"Regarder de pr\u00e8s, voir loin.","publisher":{"@id":"https:\/\/kirao.fr\/#organization"},"potentialAction":[{"@type":"SearchAction","target":{"@type":"EntryPoint","urlTemplate":"https:\/\/kirao.fr\/?s={search_term_string}"},"query-input":"required name=search_term_string"}],"inLanguage":"en-US"},{"@type":"Organization","@id":"https:\/\/kirao.fr\/#organization","name":"Kirao AM","url":"https:\/\/kirao.fr\/","logo":{"@type":"ImageObject","inLanguage":"en-US","@id":"https:\/\/kirao.fr\/#\/schema\/logo\/image\/","url":"https:\/\/kirao.fr\/wp-content\/uploads\/2022\/01\/logo-kirao-e1665944897961.png","contentUrl":"https:\/\/kirao.fr\/wp-content\/uploads\/2022\/01\/logo-kirao-e1665944897961.png","width":300,"height":124,"caption":"Kirao AM"},"image":{"@id":"https:\/\/kirao.fr\/#\/schema\/logo\/image\/"},"sameAs":["https:\/\/www.linkedin.com\/company\/kirao-am\/"]}]}},"_links":{"self":[{"href":"https:\/\/kirao.fr\/en\/wp-json\/wp\/v2\/pages\/5827","targetHints":{"allow":["GET"]}}],"collection":[{"href":"https:\/\/kirao.fr\/en\/wp-json\/wp\/v2\/pages"}],"about":[{"href":"https:\/\/kirao.fr\/en\/wp-json\/wp\/v2\/types\/page"}],"author":[{"embeddable":true,"href":"https:\/\/kirao.fr\/en\/wp-json\/wp\/v2\/users\/1"}],"replies":[{"embeddable":true,"href":"https:\/\/kirao.fr\/en\/wp-json\/wp\/v2\/comments?post=5827"}],"version-history":[{"count":3,"href":"https:\/\/kirao.fr\/en\/wp-json\/wp\/v2\/pages\/5827\/revisions"}],"predecessor-version":[{"id":7794,"href":"https:\/\/kirao.fr\/en\/wp-json\/wp\/v2\/pages\/5827\/revisions\/7794"}],"wp:attachment":[{"href":"https:\/\/kirao.fr\/en\/wp-json\/wp\/v2\/media?parent=5827"}],"curies":[{"name":"wp","href":"https:\/\/api.w.org\/{rel}","templated":true}]}}